{"id":960,"date":"2021-12-24T12:33:28","date_gmt":"2021-12-24T11:33:28","guid":{"rendered":"http:\/\/crobim.com\/projekte\/"},"modified":"2022-11-15T13:16:08","modified_gmt":"2022-11-15T12:16:08","slug":"projekte","status":"publish","type":"page","link":"https:\/\/crobim.com\/de\/projekte\/","title":{"rendered":"Projekte"},"content":{"rendered":"<p>[et_pb_section fb_built=&#8220;1&#8243; module_id=&#8220;projects-page-section&#8220; _builder_version=&#8220;4.14.7&#8243; _module_preset=&#8220;default&#8220; animation_style=&#8220;fade&#8220; animation_duration=&#8220;2000ms&#8220; animation_delay=&#8220;20ms&#8220; da_disable_devices=&#8220;off|off|off&#8220; global_colors_info=&#8220;{}&#8220; da_is_popup=&#8220;off&#8220; da_exit_intent=&#8220;off&#8220; da_has_close=&#8220;on&#8220; da_alt_close=&#8220;off&#8220; da_dark_close=&#8220;off&#8220; da_not_modal=&#8220;on&#8220; da_is_singular=&#8220;off&#8220; da_with_loader=&#8220;off&#8220; da_has_shadow=&#8220;on&#8220;][et_pb_row _builder_version=&#8220;4.14.7&#8243; _module_preset=&#8220;default&#8220; global_colors_info=&#8220;{}&#8220;][et_pb_column type=&#8220;4_4&#8243; module_class=&#8220;projects-title&#8220; _builder_version=&#8220;4.14.1&#8243; _module_preset=&#8220;default&#8220; global_colors_info=&#8220;{}&#8220;][et_pb_code _builder_version=&#8220;4.14.7&#8243; _module_preset=&#8220;default&#8220; animation_style=&#8220;fade&#8220; animation_duration=&#8220;2000ms&#8220; animation_duration_tablet=&#8220;2000ms&#8220; animation_duration_phone=&#8220;0ms&#8220; animation_duration_last_edited=&#8220;on|phone&#8220; global_colors_info=&#8220;{}&#8220;]<\/p>\n<h1><!-- [et_pb_line_break_holder] --> Projekte<!-- [et_pb_line_break_holder] --><\/h1>\n<p><!-- [et_pb_line_break_holder] --><\/p>\n<div class=\"buttons\"><!-- [et_pb_line_break_holder] --><a class=\"showSingle selected\" data-target=\"1\">Architektonisch<\/a><!-- [et_pb_line_break_holder] --><span>\/<\/span><!-- [et_pb_line_break_holder] --><a class=\"showSingle\" data-target=\"2\">Strukturell<\/a><!-- [et_pb_line_break_holder] --><\/div>\n<p>[\/et_pb_code][\/et_pb_column][\/et_pb_row][et_pb_row module_id=&#8220;div1&#8243; module_class=&#8220;targetDiv&#8220; _builder_version=&#8220;4.14.7&#8243; _module_preset=&#8220;default&#8220; animation_style=&#8220;fade&#8220; animation_duration=&#8220;2000ms&#8220; animation_delay=&#8220;20ms&#8220; global_colors_info=&#8220;{}&#8220;][et_pb_column type=&#8220;4_4&#8243; module_class=&#8220;projects-col&#8220; _builder_version=&#8220;4.14.1&#8243; _module_preset=&#8220;default&#8220; global_colors_info=&#8220;{}&#8220;][et_pb_text admin_label=&#8220;Arhitektura &#8211; naslov i tekst&#8220; module_class=&#8220;projects-intro-text&#8220; _builder_version=&#8220;4.14.7&#8243; _module_preset=&#8220;default&#8220; header_2_font_size=&#8220;24px&#8220; header_2_letter_spacing=&#8220;1px&#8220; animation_style=&#8220;fade&#8220; animation_direction=&#8220;right&#8220; animation_duration=&#8220;2000ms&#8220; animation_duration_tablet=&#8220;2000ms&#8220; animation_duration_phone=&#8220;0ms&#8220; animation_duration_last_edited=&#8220;on|phone&#8220; global_colors_info=&#8220;{}&#8220;]<\/p>\n<h2>Beeindruckender architektonischer Stahlbau<span style=\"color: #00adee;\">.<\/span><\/h2>\n<p>Neue Technologien erm\u00f6glichen uns, mutig und innovativ zu sein. Jedes Designkonzept kann aus Stahl hergestellt werden und unser Team hat das notwendige Knowhow daf\u00fcr. Die Umsetzung unserer Projekte zeichnen h\u00f6chste Sorgfalt, Servicequalit\u00e4t und Detailgenauigkeit aus.[\/et_pb_text][et_pb_blog fullwidth=&#8220;off&#8220; post_type=&#8220;architectural&#8220; posts_number=&#8220;30&#8243; use_manual_excerpt=&#8220;off&#8220; show_author=&#8220;off&#8220; show_date=&#8220;off&#8220; show_categories=&#8220;off&#8220; show_excerpt=&#8220;off&#8220; admin_label=&#8220;Arhitektura &#8211; Blog projects&#8220; module_class=&#8220;blog-image-3-4 blog-arh&#8220; _builder_version=&#8220;4.14.7&#8243; _module_preset=&#8220;default&#8220; animation_style=&#8220;fade&#8220; animation_duration=&#8220;2000ms&#8220; animation_duration_tablet=&#8220;2000ms&#8220; animation_duration_phone=&#8220;0ms&#8220; animation_duration_last_edited=&#8220;on|phone&#8220; global_colors_info=&#8220;{}&#8220;][\/et_pb_blog][\/et_pb_column][\/et_pb_row][et_pb_row module_id=&#8220;div2&#8243; module_class=&#8220;targetDiv&#8220; _builder_version=&#8220;4.14.1&#8243; _module_preset=&#8220;default&#8220; animation_style=&#8220;fade&#8220; animation_duration=&#8220;2000ms&#8220; animation_delay=&#8220;200ms&#8220; global_colors_info=&#8220;{}&#8220;][et_pb_column type=&#8220;4_4&#8243; module_class=&#8220;projects-col&#8220; _builder_version=&#8220;4.14.1&#8243; _module_preset=&#8220;default&#8220; global_colors_info=&#8220;{}&#8220;][et_pb_text admin_label=&#8220;Struktura &#8211; naslov i tekst&#8220; module_class=&#8220;projects-intro-text&#8220; _builder_version=&#8220;4.14.7&#8243; _module_preset=&#8220;default&#8220; header_2_font_size=&#8220;24px&#8220; header_2_letter_spacing=&#8220;1px&#8220; global_colors_info=&#8220;{}&#8220;]<\/p>\n<h2>Entscheiden Sie sich f\u00fcr das ideale Konstruktionsmaterial \u2013 Stahl<span style=\"color: #00adee;\">.<\/span><\/h2>\n<p>Unser Team arbeitet eng mit Ingenieuren, Architekten und Generalunternehmern zusammen, um Konstruktionskonzepte praktisch, kosteng\u00fcnstig und im vereinbarten Zeitrahmen umzusetzen und dabei alle relevanten Bauvorschriften einzuhalten.[\/et_pb_text][et_pb_blog fullwidth=&#8220;off&#8220; post_type=&#8220;structural&#8220; posts_number=&#8220;30&#8243; use_manual_excerpt=&#8220;off&#8220; show_author=&#8220;off&#8220; show_date=&#8220;off&#8220; show_categories=&#8220;off&#8220; show_excerpt=&#8220;off&#8220; admin_label=&#8220;Struktura &#8211; Blog projects&#8220; module_class=&#8220;blog-image-3-4 blog-str&#8220; _builder_version=&#8220;4.14.7&#8243; _module_preset=&#8220;default&#8220; global_colors_info=&#8220;{}&#8220;][\/et_pb_blog][\/et_pb_column][\/et_pb_row][\/et_pb_section]<\/p>\n","protected":false},"excerpt":{"rendered":"<p>Beeindruckender architektonischer Stahlbau. Neue Technologien erm\u00f6glichen uns, mutig und innovativ zu sein. Jedes Designkonzept kann aus Stahl hergestellt werden und unser Team hat das notwendige Knowhow daf\u00fcr. Die Umsetzung unserer Projekte zeichnen h\u00f6chste Sorgfalt, Servicequalit\u00e4t und Detailgenauigkeit aus.Entscheiden Sie sich f\u00fcr das ideale Konstruktionsmaterial \u2013 Stahl. Unser Team arbeitet eng mit Ingenieuren, Architekten und Generalunternehmern [&hellip;]<\/p>\n","protected":false},"author":1,"featured_media":0,"parent":0,"menu_order":0,"comment_status":"closed","ping_status":"closed","template":"","meta":{"_et_pb_use_builder":"on","_et_pb_old_content":"","_et_gb_content_width":"","footnotes":""},"class_list":["post-960","page","type-page","status-publish","hentry"],"yoast_head":"<!-- This site is optimized with the Yoast SEO plugin v19.6 - https:\/\/yoast.com\/wordpress\/plugins\/seo\/ -->\n<title>Projekte - CroBIM<\/title>\n<meta name=\"description\" content=\"Lernen Sie unsere Architektur- und Baurojekte kennen, die mit Autodesk Advance Steel erstellt wurden \u2013 dadurch wird die Genauigkeit verbessert und die Zeitspanne vom Design bis zur Herstellung verk\u00fcrzt.\" \/>\n<meta name=\"robots\" content=\"index, follow, max-snippet:-1, max-image-preview:large, max-video-preview:-1\" \/>\n<link rel=\"canonical\" href=\"https:\/\/crobim.com\/projects\/\" \/>\n<meta property=\"og:locale\" content=\"de_DE\" \/>\n<meta property=\"og:type\" content=\"article\" \/>\n<meta property=\"og:title\" content=\"Projekte - CroBIM\" \/>\n<meta property=\"og:description\" content=\"Lernen Sie unsere Architektur- und Baurojekte kennen, die mit Autodesk Advance Steel erstellt wurden \u2013 dadurch wird die Genauigkeit verbessert und die Zeitspanne vom Design bis zur Herstellung verk\u00fcrzt.\" \/>\n<meta property=\"og:url\" content=\"https:\/\/crobim.com\/projects\/\" \/>\n<meta property=\"og:site_name\" content=\"CroBIM\" \/>\n<meta property=\"article:modified_time\" content=\"2022-11-15T12:16:08+00:00\" \/>\n<meta name=\"twitter:card\" content=\"summary_large_image\" \/>\n<meta name=\"twitter:label1\" content=\"Gesch\u00e4tzte Lesezeit\" \/>\n\t<meta name=\"twitter:data1\" content=\"1\u00a0Minute\" \/>\n<script type=\"application\/ld+json\" class=\"yoast-schema-graph\">{\"@context\":\"https:\/\/schema.org\",\"@graph\":[{\"@type\":\"WebPage\",\"@id\":\"https:\/\/crobim.com\/projects\/\",\"url\":\"https:\/\/crobim.com\/projects\/\",\"name\":\"Projekte - CroBIM\",\"isPartOf\":{\"@id\":\"https:\/\/crobim.com\/#website\"},\"datePublished\":\"2021-12-24T11:33:28+00:00\",\"dateModified\":\"2022-11-15T12:16:08+00:00\",\"description\":\"Lernen Sie unsere Architektur- und Baurojekte kennen, die mit Autodesk Advance Steel erstellt wurden \u2013 dadurch wird die Genauigkeit verbessert und die Zeitspanne vom Design bis zur Herstellung verk\u00fcrzt.\",\"breadcrumb\":{\"@id\":\"https:\/\/crobim.com\/projects\/#breadcrumb\"},\"inLanguage\":\"de\",\"potentialAction\":[{\"@type\":\"ReadAction\",\"target\":[\"https:\/\/crobim.com\/projects\/\"]}]},{\"@type\":\"BreadcrumbList\",\"@id\":\"https:\/\/crobim.com\/projects\/#breadcrumb\",\"itemListElement\":[{\"@type\":\"ListItem\",\"position\":1,\"name\":\"Home\",\"item\":\"https:\/\/crobim.com\/\"},{\"@type\":\"ListItem\",\"position\":2,\"name\":\"Projekte\"}]},{\"@type\":\"WebSite\",\"@id\":\"https:\/\/crobim.com\/#website\",\"url\":\"https:\/\/crobim.com\/\",\"name\":\"CroBIM\",\"description\":\"Steel  design and detailing services\",\"publisher\":{\"@id\":\"https:\/\/crobim.com\/#organization\"},\"potentialAction\":[{\"@type\":\"SearchAction\",\"target\":{\"@type\":\"EntryPoint\",\"urlTemplate\":\"https:\/\/crobim.com\/?s={search_term_string}\"},\"query-input\":\"required name=search_term_string\"}],\"inLanguage\":\"de\"},{\"@type\":\"Organization\",\"@id\":\"https:\/\/crobim.com\/#organization\",\"name\":\"Steel detailing services\",\"url\":\"https:\/\/crobim.com\/\",\"sameAs\":[],\"logo\":{\"@type\":\"ImageObject\",\"inLanguage\":\"de\",\"@id\":\"https:\/\/crobim.com\/#\/schema\/logo\/image\/\",\"url\":\"https:\/\/crobim.com\/wp-content\/uploads\/2022\/01\/CROBIM_logo_web.png\",\"contentUrl\":\"https:\/\/crobim.com\/wp-content\/uploads\/2022\/01\/CROBIM_logo_web.png\",\"width\":229,\"height\":116,\"caption\":\"Steel detailing services\"},\"image\":{\"@id\":\"https:\/\/crobim.com\/#\/schema\/logo\/image\/\"}}]}<\/script>\n<!-- \/ Yoast SEO plugin. -->","yoast_head_json":{"title":"Projekte - CroBIM","description":"Lernen Sie unsere Architektur- und Baurojekte kennen, die mit Autodesk Advance Steel erstellt wurden \u2013 dadurch wird die Genauigkeit verbessert und die Zeitspanne vom Design bis zur Herstellung verk\u00fcrzt.","robots":{"index":"index","follow":"follow","max-snippet":"max-snippet:-1","max-image-preview":"max-image-preview:large","max-video-preview":"max-video-preview:-1"},"canonical":"https:\/\/crobim.com\/projects\/","og_locale":"de_DE","og_type":"article","og_title":"Projekte - CroBIM","og_description":"Lernen Sie unsere Architektur- und Baurojekte kennen, die mit Autodesk Advance Steel erstellt wurden \u2013 dadurch wird die Genauigkeit verbessert und die Zeitspanne vom Design bis zur Herstellung verk\u00fcrzt.","og_url":"https:\/\/crobim.com\/projects\/","og_site_name":"CroBIM","article_modified_time":"2022-11-15T12:16:08+00:00","twitter_card":"summary_large_image","twitter_misc":{"Gesch\u00e4tzte Lesezeit":"1\u00a0Minute"},"schema":{"@context":"https:\/\/schema.org","@graph":[{"@type":"WebPage","@id":"https:\/\/crobim.com\/projects\/","url":"https:\/\/crobim.com\/projects\/","name":"Projekte - CroBIM","isPartOf":{"@id":"https:\/\/crobim.com\/#website"},"datePublished":"2021-12-24T11:33:28+00:00","dateModified":"2022-11-15T12:16:08+00:00","description":"Lernen Sie unsere Architektur- und Baurojekte kennen, die mit Autodesk Advance Steel erstellt wurden \u2013 dadurch wird die Genauigkeit verbessert und die Zeitspanne vom Design bis zur Herstellung verk\u00fcrzt.","breadcrumb":{"@id":"https:\/\/crobim.com\/projects\/#breadcrumb"},"inLanguage":"de","potentialAction":[{"@type":"ReadAction","target":["https:\/\/crobim.com\/projects\/"]}]},{"@type":"BreadcrumbList","@id":"https:\/\/crobim.com\/projects\/#breadcrumb","itemListElement":[{"@type":"ListItem","position":1,"name":"Home","item":"https:\/\/crobim.com\/"},{"@type":"ListItem","position":2,"name":"Projekte"}]},{"@type":"WebSite","@id":"https:\/\/crobim.com\/#website","url":"https:\/\/crobim.com\/","name":"CroBIM","description":"Steel  design and detailing services","publisher":{"@id":"https:\/\/crobim.com\/#organization"},"potentialAction":[{"@type":"SearchAction","target":{"@type":"EntryPoint","urlTemplate":"https:\/\/crobim.com\/?s={search_term_string}"},"query-input":"required name=search_term_string"}],"inLanguage":"de"},{"@type":"Organization","@id":"https:\/\/crobim.com\/#organization","name":"Steel detailing services","url":"https:\/\/crobim.com\/","sameAs":[],"logo":{"@type":"ImageObject","inLanguage":"de","@id":"https:\/\/crobim.com\/#\/schema\/logo\/image\/","url":"https:\/\/crobim.com\/wp-content\/uploads\/2022\/01\/CROBIM_logo_web.png","contentUrl":"https:\/\/crobim.com\/wp-content\/uploads\/2022\/01\/CROBIM_logo_web.png","width":229,"height":116,"caption":"Steel detailing services"},"image":{"@id":"https:\/\/crobim.com\/#\/schema\/logo\/image\/"}}]}},"_links":{"self":[{"href":"https:\/\/crobim.com\/de\/wp-json\/wp\/v2\/pages\/960","targetHints":{"allow":["GET"]}}],"collection":[{"href":"https:\/\/crobim.com\/de\/wp-json\/wp\/v2\/pages"}],"about":[{"href":"https:\/\/crobim.com\/de\/wp-json\/wp\/v2\/types\/page"}],"author":[{"embeddable":true,"href":"https:\/\/crobim.com\/de\/wp-json\/wp\/v2\/users\/1"}],"replies":[{"embeddable":true,"href":"https:\/\/crobim.com\/de\/wp-json\/wp\/v2\/comments?post=960"}],"version-history":[{"count":26,"href":"https:\/\/crobim.com\/de\/wp-json\/wp\/v2\/pages\/960\/revisions"}],"predecessor-version":[{"id":2481,"href":"https:\/\/crobim.com\/de\/wp-json\/wp\/v2\/pages\/960\/revisions\/2481"}],"wp:attachment":[{"href":"https:\/\/crobim.com\/de\/wp-json\/wp\/v2\/media?parent=960"}],"curies":[{"name":"wp","href":"https:\/\/api.w.org\/{rel}","templated":true}]}}