{"id":929,"date":"2022-01-04T11:17:02","date_gmt":"2022-01-04T10:17:02","guid":{"rendered":"http:\/\/crobim.com\/ueber-uns\/"},"modified":"2026-03-26T10:25:24","modified_gmt":"2026-03-26T09:25:24","slug":"ueber-uns","status":"publish","type":"page","link":"https:\/\/crobim.com\/de\/ueber-uns\/","title":{"rendered":"\u00dcber uns"},"content":{"rendered":"<p>[et_pb_section fb_built=&#8220;1&#8243; custom_padding_last_edited=&#8220;on|phone&#8220; module_class=&#8220;about-us-page&#8220; _builder_version=&#8220;4.14.1&#8243; _module_preset=&#8220;default&#8220; custom_padding_tablet=&#8220;&#8220; custom_padding_phone=&#8220;0px||0px||false|false&#8220; animation_style=&#8220;fade&#8220; animation_duration=&#8220;2000ms&#8220; animation_delay=&#8220;20ms&#8220; da_disable_devices=&#8220;off|off|off&#8220; global_colors_info=&#8220;{}&#8220; da_is_popup=&#8220;off&#8220; da_exit_intent=&#8220;off&#8220; da_has_close=&#8220;on&#8220; da_alt_close=&#8220;off&#8220; da_dark_close=&#8220;off&#8220; da_not_modal=&#8220;on&#8220; da_is_singular=&#8220;off&#8220; da_with_loader=&#8220;off&#8220; da_has_shadow=&#8220;on&#8220;][et_pb_row _builder_version=&#8220;4.14.1&#8243; _module_preset=&#8220;default&#8220; global_colors_info=&#8220;{}&#8220;][et_pb_column type=&#8220;4_4&#8243; _builder_version=&#8220;4.14.1&#8243; _module_preset=&#8220;default&#8220; global_colors_info=&#8220;{}&#8220;][et_pb_text admin_label=&#8220;Here is our story &#8211; naslov&#8220; _builder_version=&#8220;4.14.7&#8243; _module_preset=&#8220;default&#8220; header_text_align=&#8220;center&#8220; animation_direction=&#8220;bottom&#8220; header_font_size_tablet=&#8220;&#8220; header_font_size_phone=&#8220;40px&#8220; header_font_size_last_edited=&#8220;on|phone&#8220; global_colors_info=&#8220;{}&#8220;]<\/p>\n<h1>Das ist unsere Geschichte\u2026<\/h1>\n<p>[\/et_pb_text][\/et_pb_column][\/et_pb_row][et_pb_row column_structure=&#8220;1_2,1_2&#8243; custom_padding_last_edited=&#8220;on|phone&#8220; module_class=&#8220;about-row&#8220; _builder_version=&#8220;4.14.7&#8243; _module_preset=&#8220;default&#8220; max_width=&#8220;1100px&#8220; custom_padding=&#8220;||90px|||&#8220; custom_padding_tablet=&#8220;||90px|||&#8220; custom_padding_phone=&#8220;||50px||false|false&#8220; global_colors_info=&#8220;{}&#8220;][et_pb_column type=&#8220;1_2&#8243; _builder_version=&#8220;4.14.1&#8243; _module_preset=&#8220;default&#8220; animation_direction=&#8220;left&#8220; global_colors_info=&#8220;{}&#8220;][et_pb_image src=&#8220;https:\/\/crobim.com\/wp-content\/uploads\/2022\/02\/the_spire_of_ireland-crobim.png&#8220; alt=&#8220;Ireland&#8220; title_text=&#8220;Ireland&#8220; align=&#8220;center&#8220; show_bottom_space_tablet=&#8220;&#8220; show_bottom_space_phone=&#8220;off&#8220; show_bottom_space_last_edited=&#8220;on|phone&#8220; admin_label=&#8220;Irska Crobim &#8211; slika&#8220; _builder_version=&#8220;4.14.7&#8243; _module_preset=&#8220;default&#8220; background_image=&#8220;https:\/\/crobim.com\/wp-content\/uploads\/2022\/02\/bg_gray.png&#8220; background_size=&#8220;initial&#8220; custom_margin_tablet=&#8220;&#8220; custom_margin_phone=&#8220;50px||||false|false&#8220; custom_margin_last_edited=&#8220;on|phone&#8220; global_colors_info=&#8220;{}&#8220;][\/et_pb_image][\/et_pb_column][et_pb_column type=&#8220;1_2&#8243; _builder_version=&#8220;4.14.7&#8243; _module_preset=&#8220;default&#8220; custom_padding=&#8220;|||30px|false|false&#8220; animation_style=&#8220;fade&#8220; animation_direction=&#8220;bottom&#8220; animation_duration=&#8220;2000ms&#8220; animation_duration_tablet=&#8220;2000ms&#8220; animation_duration_phone=&#8220;0ms&#8220; animation_duration_last_edited=&#8220;on|phone&#8220; border_width_left=&#8220;1px&#8220; border_color_left=&#8220;#00ADEE&#8220; global_colors_info=&#8220;{}&#8220;][et_pb_text admin_label=&#8220;Crobim Ltd is established &#8211; tekst&#8220; _builder_version=&#8220;4.14.7&#8243; _module_preset=&#8220;default&#8220; animation_direction=&#8220;right&#8220; global_colors_info=&#8220;{}&#8220;]<\/p>\n<p>Das Unternehmen Crobim Ltd wurde im Oktober 2018 in Dublin, Irland gegr\u00fcndet \u2013 mit dem Ziel, Dienstleistungen im Bereich der Modellierung von Stahlstrukturen f\u00fcr Stahlbauunternehmen in Irland und dem Vereinigten K\u00f6nigreich anzubieten. Seither haben wir uns zu einer Firma entwickelt, die Stahlbauunternehmen, Ingenieuren und Architekten in ganz Europa umfassenden Support und Unterst\u00fctzung anbieten kann. Mittlerweile ist das Unternehmen expandiert und hat Filialen in Kroatien er\u00f6ffnet, was uns erm\u00f6glicht, unser Gesch\u00e4ft weiter auszubauen. Ihr Unternehmen ist im Stahlbau t\u00e4tig ist? Wir k\u00f6nnen Ihr Projekt in jeder Phase \u00fcbernehmen, alle Bereiche von der Koordination bis zu Genehmigungen ausf\u00fchren und Ihnen ein ma\u00dfgeschneidertes Produktpaket anbieten. Sie sind Ingenieur oder Architekt? Wenn es um Fragen zum Stahlbau geht, sind Sie bei uns an der richtigen Adresse. Konstruktionswesen und die Umsetzung f\u00fchrender Technologien in diesem Bereich sind unsere Leidenschaft. Lebenslanges Lernen, Investitionen in Mitarbeiter und neue Technologien sind das Fundament, auf dem wir unser Unternehmen aufbauen. Wir haben uns selbst hohe Ziele gesetzt, um unseren Kunden den bestm\u00f6glichen Service anbieten zu k\u00f6nnen.<\/p>\n<p>[\/et_pb_text][\/et_pb_column][\/et_pb_row][\/et_pb_section][et_pb_section fb_built=&#8220;1&#8243; _builder_version=&#8220;4.14.7&#8243; _module_preset=&#8220;default&#8220; animation_style=&#8220;fade&#8220; animation_duration=&#8220;2000ms&#8220; animation_duration_tablet=&#8220;2000ms&#8220; animation_duration_phone=&#8220;0ms&#8220; animation_duration_last_edited=&#8220;on|phone&#8220; da_disable_devices=&#8220;off|off|off&#8220; global_colors_info=&#8220;{}&#8220; da_is_popup=&#8220;off&#8220; da_exit_intent=&#8220;off&#8220; da_has_close=&#8220;on&#8220; da_alt_close=&#8220;off&#8220; da_dark_close=&#8220;off&#8220; da_not_modal=&#8220;on&#8220; da_is_singular=&#8220;off&#8220; da_with_loader=&#8220;off&#8220; da_has_shadow=&#8220;on&#8220;][et_pb_row custom_padding_last_edited=&#8220;on|desktop&#8220; _builder_version=&#8220;4.14.1&#8243; _module_preset=&#8220;default&#8220; custom_padding=&#8220;||50px||false|false&#8220; custom_padding_tablet=&#8220;||100px|||&#8220; custom_padding_phone=&#8220;||25px||false|false&#8220; global_colors_info=&#8220;{}&#8220;][et_pb_column type=&#8220;4_4&#8243; _builder_version=&#8220;4.14.1&#8243; _module_preset=&#8220;default&#8220; global_colors_info=&#8220;{}&#8220;][et_pb_text admin_label=&#8220;Our team &#8211; naslov&#8220; _builder_version=&#8220;4.14.7&#8243; _module_preset=&#8220;default&#8220; header_2_text_align=&#8220;center&#8220; animation_direction=&#8220;bottom&#8220; header_2_font_size_tablet=&#8220;&#8220; header_2_font_size_phone=&#8220;40px&#8220; header_2_font_size_last_edited=&#8220;on|phone&#8220; global_colors_info=&#8220;{}&#8220;]<\/p>\n<h2>Lernen Sie unser Team kennen<\/h2>\n<p>[\/et_pb_text][\/et_pb_column][\/et_pb_row][et_pb_row column_structure=&#8220;1_3,1_3,1_3&#8243; admin_label=&#8220;Team &#8211; sekcija&#8220; module_class=&#8220;team-section&#8220; _builder_version=&#8220;4.14.1&#8243; _module_preset=&#8220;default&#8220; max_width=&#8220;1185px&#8220; animation_direction=&#8220;bottom&#8220; global_colors_info=&#8220;{}&#8220;][et_pb_column type=&#8220;1_3&#8243; _builder_version=&#8220;4.14.1&#8243; _module_preset=&#8220;default&#8220; global_colors_info=&#8220;{}&#8220;][et_pb_team_member name=&#8220;Antun Tankosi\u0107&#8220; position=&#8220;MEng CE, IWE\/EWE, Managing director&#8220; image_url=&#8220;https:\/\/crobim.com\/wp-content\/uploads\/2025\/04\/Antun-Tankosic_cropped.jpg&#8220; linkedin_url=&#8220;https:\/\/www.linkedin.com\/in\/antun-tankosic-0ab980120\/&#8220; icon_color=&#8220;#FFFFFF&#8220; use_icon_font_size=&#8220;on&#8220; icon_font_size=&#8220;18px&#8220; admin_label=&#8220;Osoba &#8211; ime, prezime, titula, slika, linkedin&#8220; _builder_version=&#8220;4.14.7&#8243; _module_preset=&#8220;default&#8220; global_colors_info=&#8220;{}&#8220; icon_color__hover=&#8220;#00ADEE&#8220; icon_color__hover_enabled=&#8220;on|hover&#8220;][\/et_pb_team_member][et_pb_team_member name=&#8220;Ana Vazdar&#8220; position=&#8220;bacc. publ. admin. HR &#038; Office Manager&#8220; image_url=&#8220;https:\/\/crobim.com\/wp-content\/uploads\/2025\/04\/Izrezak_cropped.png&#8220; linkedin_url=&#8220;https:\/\/www.linkedin.com\/in\/anavazdar&#8220; icon_color=&#8220;#FFFFFF&#8220; use_icon_font_size=&#8220;on&#8220; icon_font_size=&#8220;18px&#8220; admin_label=&#8220;Osoba &#8211; ime, prezime, titula, slika, linkedin&#8220; _builder_version=&#8220;4.14.7&#8243; _module_preset=&#8220;default&#8220; global_colors_info=&#8220;{}&#8220; icon_color__hover=&#8220;#00ADEE&#8220; icon_color__hover_enabled=&#8220;on|hover&#8220;][\/et_pb_team_member][et_pb_team_member name=&#8220;Kristina Kova\u010devi\u0107&#8220; position=&#8220;MEng CE&#8220; image_url=&#8220;https:\/\/crobim.com\/wp-content\/uploads\/2025\/04\/kristina_cropped.jpeg&#8220; linkedin_url=&#8220;https:\/\/www.linkedin.com\/in\/kristina-kova%C4%8Devi%C4%87-302b53328\/&#8220; icon_color=&#8220;#FFFFFF&#8220; use_icon_font_size=&#8220;on&#8220; icon_font_size=&#8220;18px&#8220; admin_label=&#8220;Osoba &#8211; ime, prezime, titula, slika, linkedin&#8220; _builder_version=&#8220;4.14.7&#8243; _module_preset=&#8220;default&#8220; global_colors_info=&#8220;{}&#8220; icon_color__hover=&#8220;#00ADEE&#8220; icon_color__hover_enabled=&#8220;on|hover&#8220;][\/et_pb_team_member][et_pb_team_member name=&#8220;Matej Mor\u017ean&#8220; position=&#8220;MEng CE&#8220; image_url=&#8220;https:\/\/crobim.com\/wp-content\/uploads\/2025\/10\/WhatsApp-Image-2025-10-20-at-15.39.37-3.jpeg&#8220; linkedin_url=&#8220;https:\/\/www.linkedin.com\/in\/matejmorzan\/&#8220; icon_color=&#8220;#FFFFFF&#8220; use_icon_font_size=&#8220;on&#8220; icon_font_size=&#8220;18px&#8220; admin_label=&#8220;Osoba &#8211; ime, prezime, titula, slika, linkedin&#8220; _builder_version=&#8220;4.14.7&#8243; _module_preset=&#8220;default&#8220; global_colors_info=&#8220;{}&#8220; icon_color__hover=&#8220;#00ADEE&#8220; icon_color__hover_enabled=&#8220;on|hover&#8220;][\/et_pb_team_member][\/et_pb_column][et_pb_column type=&#8220;1_3&#8243; _builder_version=&#8220;4.14.1&#8243; _module_preset=&#8220;default&#8220; global_colors_info=&#8220;{}&#8220;][et_pb_team_member name=&#8220;Josip Marti\u0107&#8220; position=&#8220;MEng CE, IWE\/EWE, Managing director&#8220; image_url=&#8220;https:\/\/crobim.com\/wp-content\/uploads\/2025\/04\/Josip-Martic_cropped.jpg&#8220; linkedin_url=&#8220;https:\/\/www.linkedin.com\/in\/josip-martic\/&#8220; icon_color=&#8220;#FFFFFF&#8220; use_icon_font_size=&#8220;on&#8220; icon_font_size=&#8220;18px&#8220; admin_label=&#8220;Osoba &#8211; ime, prezime, titula, slika, linkedin&#8220; _builder_version=&#8220;4.14.7&#8243; _module_preset=&#8220;default&#8220; global_colors_info=&#8220;{}&#8220; icon_color__hover=&#8220;#00ADEE&#8220; icon_color__hover_enabled=&#8220;on|hover&#8220;][\/et_pb_team_member][et_pb_team_member name=&#8220;Krunoslav Bambir&#8220; position=&#8220;MEng Mech&#8220; image_url=&#8220;https:\/\/crobim.com\/wp-content\/uploads\/2025\/04\/Krunoslav-Bambir_cropped.jpg&#8220; linkedin_url=&#8220;https:\/\/www.linkedin.com\/in\/krunoslav-bambir-7531641a2\/&#8220; icon_color=&#8220;#FFFFFF&#8220; use_icon_font_size=&#8220;on&#8220; icon_font_size=&#8220;18px&#8220; admin_label=&#8220;Osoba &#8211; ime, prezime, titula, slika, linkedin&#8220; _builder_version=&#8220;4.14.7&#8243; _module_preset=&#8220;default&#8220; global_colors_info=&#8220;{}&#8220; icon_color__hover=&#8220;#00ADEE&#8220; icon_color__hover_enabled=&#8220;on|hover&#8220;][\/et_pb_team_member][et_pb_team_member name=&#8220;Filip Ani\u0107&#8220; position=&#8220;MEng CE, PhD&#8220; image_url=&#8220;https:\/\/crobim.com\/wp-content\/uploads\/2025\/04\/filip_cropped.jpeg&#8220; linkedin_url=&#8220;https:\/\/www.linkedin.com\/in\/filip-ani%C4%87-04695a2a0&#8243; icon_color=&#8220;#FFFFFF&#8220; use_icon_font_size=&#8220;on&#8220; icon_font_size=&#8220;18px&#8220; admin_label=&#8220;Osoba &#8211; ime, prezime, titula, slika, linkedin&#8220; _builder_version=&#8220;4.14.7&#8243; _module_preset=&#8220;default&#8220; global_colors_info=&#8220;{}&#8220; icon_color__hover=&#8220;#00ADEE&#8220; icon_color__hover_enabled=&#8220;on|hover&#8220;][\/et_pb_team_member][et_pb_team_member name=&#8220;Ivan Andrijevi\u0107&#8220; position=&#8220;MEng CE&#8220; image_url=&#8220;https:\/\/crobim.com\/wp-content\/uploads\/2026\/01\/WhatsApp-Image-2026-01-14-at-08.00.24.jpeg&#8220; linkedin_url=&#8220;https:\/\/www.linkedin.com\/in\/ivan-andrijevic-19911220b\/&#8220; icon_color=&#8220;#FFFFFF&#8220; use_icon_font_size=&#8220;on&#8220; icon_font_size=&#8220;18px&#8220; admin_label=&#8220;Osoba &#8211; ime, prezime, titula, slika, linkedin&#8220; _builder_version=&#8220;4.14.7&#8243; _module_preset=&#8220;default&#8220; global_colors_info=&#8220;{}&#8220; icon_color__hover=&#8220;#00ADEE&#8220; icon_color__hover_enabled=&#8220;on|hover&#8220;][\/et_pb_team_member][\/et_pb_column][et_pb_column type=&#8220;1_3&#8243; _builder_version=&#8220;4.14.1&#8243; _module_preset=&#8220;default&#8220; global_colors_info=&#8220;{}&#8220;][et_pb_team_member name=&#8220;Mateja Kori\u0107&#8220; position=&#8220;univ.bacc.oec., Sales and marketing Manager&#8220; image_url=&#8220;https:\/\/crobim.com\/wp-content\/uploads\/2025\/04\/Mateja-Koric-2_cropped.jpg&#8220; linkedin_url=&#8220;https:\/\/www.linkedin.com\/in\/mkoric\/sx&#8220; icon_color=&#8220;#FFFFFF&#8220; use_icon_font_size=&#8220;on&#8220; icon_font_size=&#8220;18px&#8220; icon_color_last_edited=&#8220;off|desktop&#8220; admin_label=&#8220;Osoba &#8211; ime, prezime, titula, slika, linkedin&#8220; _builder_version=&#8220;4.14.7&#8243; _module_preset=&#8220;default&#8220; global_colors_info=&#8220;{}&#8220; icon_color__hover_enabled=&#8220;on|hover&#8220; icon_color__hover=&#8220;#00ADEE&#8220;][\/et_pb_team_member][et_pb_team_member name=&#8220;Ana Marija Cini&#8220; position=&#8220;MEng CE&#8220; image_url=&#8220;https:\/\/crobim.com\/wp-content\/uploads\/2025\/04\/Ana-Marija-Cini-2_cropped.jpg&#8220; linkedin_url=&#8220;https:\/\/www.linkedin.com\/in\/ana-marija-cini-7b1aa222a\/&#8220; icon_color=&#8220;#FFFFFF&#8220; use_icon_font_size=&#8220;on&#8220; icon_font_size=&#8220;18px&#8220; admin_label=&#8220;Osoba &#8211; ime, prezime, titula, slika, linkedin&#8220; _builder_version=&#8220;4.14.7&#8243; _module_preset=&#8220;default&#8220; global_colors_info=&#8220;{}&#8220; icon_color__hover=&#8220;#00ADEE&#8220; icon_color__hover_enabled=&#8220;on|hover&#8220;][\/et_pb_team_member][et_pb_team_member name=&#8220;Monika Ivani\u0107&#8220; position=&#8220;MEng CE&#8220; image_url=&#8220;https:\/\/crobim.com\/wp-content\/uploads\/2025\/04\/Monika-Ivanic-1_cropped.jpg&#8220; linkedin_url=&#8220;https:\/\/www.linkedin.com\/in\/mivanic\/&#8220; icon_color=&#8220;#FFFFFF&#8220; use_icon_font_size=&#8220;on&#8220; icon_font_size=&#8220;18px&#8220; admin_label=&#8220;Osoba &#8211; ime, prezime, titula, slika, linkedin&#8220; _builder_version=&#8220;4.14.7&#8243; _module_preset=&#8220;default&#8220; global_colors_info=&#8220;{}&#8220; icon_color__hover=&#8220;#00ADEE&#8220; icon_color__hover_enabled=&#8220;on|hover&#8220;][\/et_pb_team_member][et_pb_team_member name=&#8220;Marta Biki\u0107&#8220; position=&#8220;Student&#8220; image_url=&#8220;https:\/\/crobim.com\/wp-content\/uploads\/2026\/03\/marta-bikic.jpg&#8220; icon_color=&#8220;#FFFFFF&#8220; use_icon_font_size=&#8220;on&#8220; icon_font_size=&#8220;18px&#8220; admin_label=&#8220;Osoba &#8211; ime, prezime, titula, slika, linkedin&#8220; _builder_version=&#8220;4.14.7&#8243; _module_preset=&#8220;default&#8220; hover_enabled=&#8220;0&#8243; global_colors_info=&#8220;{}&#8220; icon_color__hover=&#8220;#00ADEE&#8220; icon_color__hover_enabled=&#8220;on|hover&#8220; title_text=&#8220;marta-bikic&#8220; sticky_enabled=&#8220;0&#8243;][\/et_pb_team_member][\/et_pb_column][\/et_pb_row][et_pb_row column_structure=&#8220;1_3,1_3,1_3&#8243; admin_label=&#8220;Team &#8211; sekcija&#8220; module_class=&#8220;team-section&#8220; _builder_version=&#8220;4.14.1&#8243; _module_preset=&#8220;default&#8220; max_width=&#8220;1185px&#8220; animation_direction=&#8220;bottom&#8220; global_colors_info=&#8220;{}&#8220;][et_pb_column type=&#8220;1_3&#8243; _builder_version=&#8220;4.14.1&#8243; _module_preset=&#8220;default&#8220; global_colors_info=&#8220;{}&#8220;][\/et_pb_column][et_pb_column type=&#8220;1_3&#8243; _builder_version=&#8220;4.14.1&#8243; _module_preset=&#8220;default&#8220; global_colors_info=&#8220;{}&#8220;][\/et_pb_column][et_pb_column type=&#8220;1_3&#8243; _builder_version=&#8220;4.14.1&#8243; _module_preset=&#8220;default&#8220; global_colors_info=&#8220;{}&#8220;][\/et_pb_column][\/et_pb_row][et_pb_row column_structure=&#8220;1_3,1_3,1_3&#8243; admin_label=&#8220;Team &#8211; sekcija&#8220; module_class=&#8220;team-section&#8220; _builder_version=&#8220;4.14.1&#8243; _module_preset=&#8220;default&#8220; max_width=&#8220;1185px&#8220; animation_direction=&#8220;bottom&#8220; global_colors_info=&#8220;{}&#8220;][et_pb_column type=&#8220;1_3&#8243; _builder_version=&#8220;4.14.1&#8243; _module_preset=&#8220;default&#8220; global_colors_info=&#8220;{}&#8220;][\/et_pb_column][et_pb_column type=&#8220;1_3&#8243; _builder_version=&#8220;4.14.1&#8243; _module_preset=&#8220;default&#8220; global_colors_info=&#8220;{}&#8220;][\/et_pb_column][et_pb_column type=&#8220;1_3&#8243; _builder_version=&#8220;4.14.1&#8243; _module_preset=&#8220;default&#8220; global_colors_info=&#8220;{}&#8220;][\/et_pb_column][\/et_pb_row][et_pb_row column_structure=&#8220;1_3,1_3,1_3&#8243; admin_label=&#8220;Team &#8211; sekcija&#8220; module_class=&#8220;team-section&#8220; _builder_version=&#8220;4.14.1&#8243; _module_preset=&#8220;default&#8220; max_width=&#8220;1185px&#8220; animation_direction=&#8220;bottom&#8220; global_colors_info=&#8220;{}&#8220;][et_pb_column type=&#8220;1_3&#8243; _builder_version=&#8220;4.14.1&#8243; _module_preset=&#8220;default&#8220; global_colors_info=&#8220;{}&#8220;][\/et_pb_column][et_pb_column type=&#8220;1_3&#8243; _builder_version=&#8220;4.14.1&#8243; _module_preset=&#8220;default&#8220; global_colors_info=&#8220;{}&#8220;][\/et_pb_column][et_pb_column type=&#8220;1_3&#8243; _builder_version=&#8220;4.14.1&#8243; _module_preset=&#8220;default&#8220; global_colors_info=&#8220;{}&#8220;][\/et_pb_column][\/et_pb_row][\/et_pb_section]<\/p>\n","protected":false},"excerpt":{"rendered":"<p>Das ist unsere Geschichte\u2026Das Unternehmen Crobim Ltd wurde im Oktober 2018 in Dublin, Irland gegr\u00fcndet \u2013 mit dem Ziel, Dienstleistungen im Bereich der Modellierung von Stahlstrukturen f\u00fcr Stahlbauunternehmen in Irland und dem Vereinigten K\u00f6nigreich anzubieten. Seither haben wir uns zu einer Firma entwickelt, die Stahlbauunternehmen, Ingenieuren und Architekten in ganz Europa umfassenden Support und Unterst\u00fctzung [&hellip;]<\/p>\n","protected":false},"author":1,"featured_media":0,"parent":0,"menu_order":0,"comment_status":"closed","ping_status":"closed","template":"","meta":{"_et_pb_use_builder":"on","_et_pb_old_content":"","_et_gb_content_width":"","footnotes":""},"class_list":["post-929","page","type-page","status-publish","hentry"],"yoast_head":"<!-- This site is optimized with the Yoast SEO plugin v19.6 - https:\/\/yoast.com\/wordpress\/plugins\/seo\/ -->\n<title>\u00dcber uns - CroBIM - Steel design and detailing services<\/title>\n<meta name=\"description\" content=\"Das Unternehmen CroBIM hat sich im Bereich der Architektur-Modellierung zu einem wichtigen Partner entwickelt, der Stahl-Bauunternehmern, Ingenieuren und Architekten in ganz Europa einen umfassenden Service anbietet.\" \/>\n<meta name=\"robots\" content=\"index, follow, max-snippet:-1, max-image-preview:large, max-video-preview:-1\" \/>\n<link rel=\"canonical\" href=\"https:\/\/crobim.com\/de\/ueber-uns\/\" \/>\n<meta property=\"og:locale\" content=\"de_DE\" \/>\n<meta property=\"og:type\" content=\"article\" \/>\n<meta property=\"og:title\" content=\"\u00dcber uns - CroBIM - Steel design and detailing services\" \/>\n<meta property=\"og:description\" content=\"Das Unternehmen CroBIM hat sich im Bereich der Architektur-Modellierung zu einem wichtigen Partner entwickelt, der Stahl-Bauunternehmern, Ingenieuren und Architekten in ganz Europa einen umfassenden Service anbietet.\" \/>\n<meta property=\"og:url\" content=\"https:\/\/crobim.com\/de\/ueber-uns\/\" \/>\n<meta property=\"og:site_name\" content=\"CroBIM\" \/>\n<meta property=\"article:modified_time\" content=\"2026-03-26T09:25:24+00:00\" \/>\n<meta name=\"twitter:card\" content=\"summary_large_image\" \/>\n<meta name=\"twitter:label1\" content=\"Gesch\u00e4tzte Lesezeit\" \/>\n\t<meta name=\"twitter:data1\" content=\"3\u00a0Minuten\" \/>\n<script type=\"application\/ld+json\" class=\"yoast-schema-graph\">{\"@context\":\"https:\/\/schema.org\",\"@graph\":[{\"@type\":\"WebPage\",\"@id\":\"https:\/\/crobim.com\/de\/ueber-uns\/\",\"url\":\"https:\/\/crobim.com\/de\/ueber-uns\/\",\"name\":\"\u00dcber uns - CroBIM - Steel design and detailing services\",\"isPartOf\":{\"@id\":\"https:\/\/crobim.com\/#website\"},\"datePublished\":\"2022-01-04T10:17:02+00:00\",\"dateModified\":\"2026-03-26T09:25:24+00:00\",\"description\":\"Das Unternehmen CroBIM hat sich im Bereich der Architektur-Modellierung zu einem wichtigen Partner entwickelt, der Stahl-Bauunternehmern, Ingenieuren und Architekten in ganz Europa einen umfassenden Service anbietet.\",\"breadcrumb\":{\"@id\":\"https:\/\/crobim.com\/de\/ueber-uns\/#breadcrumb\"},\"inLanguage\":\"de\",\"potentialAction\":[{\"@type\":\"ReadAction\",\"target\":[\"https:\/\/crobim.com\/de\/ueber-uns\/\"]}]},{\"@type\":\"BreadcrumbList\",\"@id\":\"https:\/\/crobim.com\/de\/ueber-uns\/#breadcrumb\",\"itemListElement\":[{\"@type\":\"ListItem\",\"position\":1,\"name\":\"Home\",\"item\":\"https:\/\/crobim.com\/\"},{\"@type\":\"ListItem\",\"position\":2,\"name\":\"\u00dcber uns\"}]},{\"@type\":\"WebSite\",\"@id\":\"https:\/\/crobim.com\/#website\",\"url\":\"https:\/\/crobim.com\/\",\"name\":\"CroBIM\",\"description\":\"Steel  design and detailing services\",\"publisher\":{\"@id\":\"https:\/\/crobim.com\/#organization\"},\"potentialAction\":[{\"@type\":\"SearchAction\",\"target\":{\"@type\":\"EntryPoint\",\"urlTemplate\":\"https:\/\/crobim.com\/?s={search_term_string}\"},\"query-input\":\"required name=search_term_string\"}],\"inLanguage\":\"de\"},{\"@type\":\"Organization\",\"@id\":\"https:\/\/crobim.com\/#organization\",\"name\":\"Steel detailing services\",\"url\":\"https:\/\/crobim.com\/\",\"sameAs\":[],\"logo\":{\"@type\":\"ImageObject\",\"inLanguage\":\"de\",\"@id\":\"https:\/\/crobim.com\/#\/schema\/logo\/image\/\",\"url\":\"https:\/\/crobim.com\/wp-content\/uploads\/2022\/01\/CROBIM_logo_web.png\",\"contentUrl\":\"https:\/\/crobim.com\/wp-content\/uploads\/2022\/01\/CROBIM_logo_web.png\",\"width\":229,\"height\":116,\"caption\":\"Steel detailing services\"},\"image\":{\"@id\":\"https:\/\/crobim.com\/#\/schema\/logo\/image\/\"}}]}<\/script>\n<!-- \/ Yoast SEO plugin. -->","yoast_head_json":{"title":"\u00dcber uns - CroBIM - Steel design and detailing services","description":"Das Unternehmen CroBIM hat sich im Bereich der Architektur-Modellierung zu einem wichtigen Partner entwickelt, der Stahl-Bauunternehmern, Ingenieuren und Architekten in ganz Europa einen umfassenden Service anbietet.","robots":{"index":"index","follow":"follow","max-snippet":"max-snippet:-1","max-image-preview":"max-image-preview:large","max-video-preview":"max-video-preview:-1"},"canonical":"https:\/\/crobim.com\/de\/ueber-uns\/","og_locale":"de_DE","og_type":"article","og_title":"\u00dcber uns - CroBIM - Steel design and detailing services","og_description":"Das Unternehmen CroBIM hat sich im Bereich der Architektur-Modellierung zu einem wichtigen Partner entwickelt, der Stahl-Bauunternehmern, Ingenieuren und Architekten in ganz Europa einen umfassenden Service anbietet.","og_url":"https:\/\/crobim.com\/de\/ueber-uns\/","og_site_name":"CroBIM","article_modified_time":"2026-03-26T09:25:24+00:00","twitter_card":"summary_large_image","twitter_misc":{"Gesch\u00e4tzte Lesezeit":"3\u00a0Minuten"},"schema":{"@context":"https:\/\/schema.org","@graph":[{"@type":"WebPage","@id":"https:\/\/crobim.com\/de\/ueber-uns\/","url":"https:\/\/crobim.com\/de\/ueber-uns\/","name":"\u00dcber uns - CroBIM - Steel design and detailing services","isPartOf":{"@id":"https:\/\/crobim.com\/#website"},"datePublished":"2022-01-04T10:17:02+00:00","dateModified":"2026-03-26T09:25:24+00:00","description":"Das Unternehmen CroBIM hat sich im Bereich der Architektur-Modellierung zu einem wichtigen Partner entwickelt, der Stahl-Bauunternehmern, Ingenieuren und Architekten in ganz Europa einen umfassenden Service anbietet.","breadcrumb":{"@id":"https:\/\/crobim.com\/de\/ueber-uns\/#breadcrumb"},"inLanguage":"de","potentialAction":[{"@type":"ReadAction","target":["https:\/\/crobim.com\/de\/ueber-uns\/"]}]},{"@type":"BreadcrumbList","@id":"https:\/\/crobim.com\/de\/ueber-uns\/#breadcrumb","itemListElement":[{"@type":"ListItem","position":1,"name":"Home","item":"https:\/\/crobim.com\/"},{"@type":"ListItem","position":2,"name":"\u00dcber uns"}]},{"@type":"WebSite","@id":"https:\/\/crobim.com\/#website","url":"https:\/\/crobim.com\/","name":"CroBIM","description":"Steel  design and detailing services","publisher":{"@id":"https:\/\/crobim.com\/#organization"},"potentialAction":[{"@type":"SearchAction","target":{"@type":"EntryPoint","urlTemplate":"https:\/\/crobim.com\/?s={search_term_string}"},"query-input":"required name=search_term_string"}],"inLanguage":"de"},{"@type":"Organization","@id":"https:\/\/crobim.com\/#organization","name":"Steel detailing services","url":"https:\/\/crobim.com\/","sameAs":[],"logo":{"@type":"ImageObject","inLanguage":"de","@id":"https:\/\/crobim.com\/#\/schema\/logo\/image\/","url":"https:\/\/crobim.com\/wp-content\/uploads\/2022\/01\/CROBIM_logo_web.png","contentUrl":"https:\/\/crobim.com\/wp-content\/uploads\/2022\/01\/CROBIM_logo_web.png","width":229,"height":116,"caption":"Steel detailing services"},"image":{"@id":"https:\/\/crobim.com\/#\/schema\/logo\/image\/"}}]}},"_links":{"self":[{"href":"https:\/\/crobim.com\/de\/wp-json\/wp\/v2\/pages\/929","targetHints":{"allow":["GET"]}}],"collection":[{"href":"https:\/\/crobim.com\/de\/wp-json\/wp\/v2\/pages"}],"about":[{"href":"https:\/\/crobim.com\/de\/wp-json\/wp\/v2\/types\/page"}],"author":[{"embeddable":true,"href":"https:\/\/crobim.com\/de\/wp-json\/wp\/v2\/users\/1"}],"replies":[{"embeddable":true,"href":"https:\/\/crobim.com\/de\/wp-json\/wp\/v2\/comments?post=929"}],"version-history":[{"count":80,"href":"https:\/\/crobim.com\/de\/wp-json\/wp\/v2\/pages\/929\/revisions"}],"predecessor-version":[{"id":3615,"href":"https:\/\/crobim.com\/de\/wp-json\/wp\/v2\/pages\/929\/revisions\/3615"}],"wp:attachment":[{"href":"https:\/\/crobim.com\/de\/wp-json\/wp\/v2\/media?parent=929"}],"curies":[{"name":"wp","href":"https:\/\/api.w.org\/{rel}","templated":true}]}}