{"id":1151,"date":"2022-02-09T11:58:27","date_gmt":"2022-02-09T10:58:27","guid":{"rendered":"http:\/\/crobim.com\/cookie-richtlinie\/"},"modified":"2022-10-07T17:02:39","modified_gmt":"2022-10-07T15:02:39","slug":"cookie-richtlinie","status":"publish","type":"page","link":"https:\/\/crobim.com\/de\/cookie-richtlinie\/","title":{"rendered":"Cookie Richtlinie"},"content":{"rendered":"<p>[et_pb_section fb_built=&#8220;1&#8243; theme_builder_area=&#8220;post_content&#8220; _builder_version=&#8220;4.14.7&#8243; _module_preset=&#8220;default&#8220; animation_style=&#8220;fade&#8220; animation_duration=&#8220;2000ms&#8220; animation_delay=&#8220;20ms&#8220; hover_enabled=&#8220;0&#8243; sticky_enabled=&#8220;0&#8243;][et_pb_row _builder_version=&#8220;4.14.7&#8243; _module_preset=&#8220;default&#8220; theme_builder_area=&#8220;post_content&#8220; max_width=&#8220;1200px&#8220; hover_enabled=&#8220;0&#8243; sticky_enabled=&#8220;0&#8243;][et_pb_column _builder_version=&#8220;4.14.7&#8243; _module_preset=&#8220;default&#8220; type=&#8220;4_4&#8243; theme_builder_area=&#8220;post_content&#8220;][et_pb_text _builder_version=&#8220;4.14.7&#8243; _module_preset=&#8220;default&#8220; theme_builder_area=&#8220;post_content&#8220; header_font_size_last_edited=&#8220;on|phone&#8220; hover_enabled=&#8220;0&#8243; sticky_enabled=&#8220;0&#8243; header_font_size_phone=&#8220;40px&#8220;]<\/p>\n<h1>Cookie Richtlinie<\/h1>\n<p>[\/et_pb_text][et_pb_text _builder_version=&#8220;4.14.7&#8243; _module_preset=&#8220;default&#8220; theme_builder_area=&#8220;post_content&#8220; hover_enabled=&#8220;0&#8243; sticky_enabled=&#8220;0&#8243;]Das Unternehmen CroBIM d.o.o. respektiert Ihre Privatsph\u00e4re und verwendet auf seinen Webseiten Technologien, die ein besseres und sichereres Browser-Erlebnis erm\u00f6glichen. Die Datenschutzerkl\u00e4rung bezieht sich auf die Erhebung und Verarbeitung Ihrer personenbezogenen Daten und auf die Verwendung von Cookies auf der Webseite www.crobim.com.<\/p>\n<p>ERHEBUNG UND VERARBEITUNG PERSONENBEZOGENER DATEN<\/p>\n<p>Um die Funktionalit\u00e4t der Webseite zu erhalten und den Kunden die gew\u00fcnschten Services bereitzustellen, kann CroBIM personenbezogen Daten der Kunden auf diesen Webseiten erheben und verwenden.<\/p>\n<p>Die Website www.crobim.com kann, je nach Verwendungsweck, Ihre folgenden personenbezogenen Daten erheben: Vor- und Nachname, E-Mail-Adresse, Privat- oder Gesch\u00e4ftsdresse, Telefonnummer. Indem Sie Ihre personenbezogenen Daten in die entsprechenden Felder eingeben, erteilen Sie uns Ihre Einwilligung, diese Daten zu dem Zweck verwenden zu d\u00fcrfen, f\u00fcr den sie erteilt wurden.<br \/>\nCroBIM erfasst Daten \u00fcber Ihren Computer. Bei diesen Daten kann es sich um Ihre IP-Adresse, den Browser-Typ, den Zugriffszeitpunkt und die Webadresse handeln.<br \/>\nCroBIM kann die besagten Daten verwenden, um einen effizienteren Kundenservice bereitzustellen, um die Nutzung der Webseiten zu vereinfachen, indem die gleichen Daten nicht wiederholt eingetragen werden m\u00fcssen, oder um die Webseiten an Ihre pers\u00f6nlichen Pr\u00e4ferenzen und Interessen anzupassen. Das Unternehmen CroBIM verkauft nicht, vermietet nicht und leiht die Liste der Benutzer seiner Webseiten nicht an Dritte. Unter der Voraussetzung einer vereinbarten Vertraulichkeitspflicht darf CroBIM Daten an vertrauensw\u00fcrdige Partner zu bestimmten Zwecken freigeben: f\u00fcr statistische Auswertungen, zur Erm\u00f6glichung einer entsprechenden Kundenbetreuung, f\u00fcr die Organisation von Zustellungen oder zu \u00e4hnlichen Zwecken. Solchen Dritten ist es untersagt, Ihre personenbezogenen Daten weiter zu verarbeiten.<\/p>\n<p>SICHERHEIT IHRER PERSONENBEZOGENEN DATEN<\/p>\n<p>Die Webseite www.crobim.com sch\u00fctzt Ihre personenbezogenen Daten vor unbefugtem Zugriff, Verwendung oder Offenlegung. Die Daten sind auf Servern gespeichert, die sich an einem kontrollierten und sichereren Standort befinden und vor unbefugtem Zugriff, Verwendung und Offenlegungen gesch\u00fctzt sind.<\/p>\n<p>VERWENDUNG VON COOKIES<\/p>\n<p>Die Webseite www.crobim.com verwendet Cookies \u2013 Textdateien, die auf den Computern der Benutzer von deren Web-Browser gespeichert werden.<br \/>\nDiese Dateien werden kreiert, wenn der Browser des Endger\u00e4ts des Benutzers die besuchte Webseite herunterl\u00e4dt, die Daten an den Browser sendet und auf diese Weise Textdateien (Cookies) speichert. Diese Dateien werden von dem Browser wiederhergestellt und an den Host-Server der Webseite geschickt, wenn der Benutzer zu dieser Webseite zur\u00fcckkehrt. Cookies werden f\u00fcr alle Webseiten-Funktionen verwendet und erm\u00f6glichen eine bessere Benutzererfahrung. Cookies k\u00f6nnen tempor\u00e4r (sie werden nur w\u00e4hrend der Dauer des Besuchs der Webseite gespeichert) oder permanent (sie bleiben auch nach dem Ende des Besuchs auf dem Computer des Benutzers gespeichert) sein.<br \/>\nDie Webseite www.crobim.com verwendet Cookies von Drittanbietern, um statistische Daten \u00fcber den Verkehr und die Art der Nutzung unserer Webseiten zu erfassen. Zu diesen gesammelten Daten geh\u00f6ren die IP-Adresse des Benutzers, der Browser, Informationen \u00fcber Spracheinstellung und Betriebssystem, wie auch anderes Standarddaten, die nur in ihrer anonymisierten und allgemeinen Form gesammelt und analysiert werden.<br \/>\nDie Webseite www.crobim.com verwendet von Google Analytics erstellte Statistiken. Besuchen Sie bitte Google Analytics, um mehr \u00fcber die Cookie-Richtlinie von Drittanbietern zu erfahren.<\/p>\n<p>DEAKTIVIERUNG VON COOKIES<\/p>\n<p>Wenn Sie der Verwendung von Cookies nicht zustimmen, k\u00f6nnen Sie diese auf Ihrem Computer oder Mobilger\u00e4t einfach l\u00f6schen (oder deaktivieren), indem Sie Ihre Browser-Einstellungen anpassen. Um mehr \u00fcber das Cookie-Management erfahren, besuchen Sie bitte die Webseite Ihres Browsers oder<br \/>\nwww.allaboutcookies.org.<br \/>\nDa es Zweck der Cookies ist, die Nutzung unserer Webseite zu erm\u00f6glichen und zu verbessern, bedenken Sie bitte, dass Sie durch die Deaktivierung oder L\u00f6schung von Cookies die Webseiten-Funktionen au\u00dfer Betrieb setzen k\u00f6nnen und diese deshalb in Ihrem Browser anders funktionieren oder angezeigt werden.<\/p>\n<p>ERG\u00c4NZUNGEN UND \u00c4NDERUNGEN DER BEDINGUNGEN<\/p>\n<p>Die Bedingungen dieser Datenschutzerkl\u00e4rung regeln die Verwendung von Cookies und aller Daten, die gesammelt wurden, w\u00e4hrend diese Datenschutzerkl\u00e4rung in Kraft ist, au\u00dfer den Cookies von Drittanbietern. CroBIM beh\u00e4lt sich das Recht vor, diese Datenschutzerkl\u00e4rung und die Cookie-Richtlinie zu \u00e4ndern und zu erg\u00e4nzen., um wichtige neue Informationen zu vermitteln und \u00fcber die Methoden zu informieren, mittels derer CroBIM Ihre Daten sch\u00fctzt. Daher empfehlen wir Ihnen, gelegentlich auf dieser Webseite die Aktualisierungen nachzulesen.<\/p>\n<p>KONTAKTINFORMATION<\/p>\n<p>Bitte kontaktieren Sie CroBIM, falls Sie Anmerkungen oder Hinweise zu dieser Datenschutzerkl\u00e4rung oder falls Sie Fragen oder Beschwerden haben.[\/et_pb_text][\/et_pb_column][\/et_pb_row][\/et_pb_section]<\/p>\n","protected":false},"excerpt":{"rendered":"<p>Cookie RichtlinieDas Unternehmen CroBIM d.o.o. respektiert Ihre Privatsph\u00e4re und verwendet auf seinen Webseiten Technologien, die ein besseres und sichereres Browser-Erlebnis erm\u00f6glichen. Die Datenschutzerkl\u00e4rung bezieht sich auf die Erhebung und Verarbeitung Ihrer personenbezogenen Daten und auf die Verwendung von Cookies auf der Webseite www.crobim.com. ERHEBUNG UND VERARBEITUNG PERSONENBEZOGENER DATEN Um die Funktionalit\u00e4t der Webseite zu erhalten [&hellip;]<\/p>\n","protected":false},"author":1,"featured_media":0,"parent":0,"menu_order":0,"comment_status":"closed","ping_status":"closed","template":"","meta":{"_et_pb_use_builder":"on","_et_pb_old_content":"","_et_gb_content_width":"","footnotes":""},"class_list":["post-1151","page","type-page","status-publish","hentry"],"yoast_head":"<!-- This site is optimized with the Yoast SEO plugin v19.6 - https:\/\/yoast.com\/wordpress\/plugins\/seo\/ -->\n<title>Cookie Richtlinie - CroBIM<\/title>\n<meta name=\"robots\" content=\"index, follow, max-snippet:-1, max-image-preview:large, max-video-preview:-1\" \/>\n<link rel=\"canonical\" href=\"https:\/\/crobim.com\/de\/cookie-richtlinie\/\" \/>\n<meta property=\"og:locale\" content=\"de_DE\" \/>\n<meta property=\"og:type\" content=\"article\" \/>\n<meta property=\"og:title\" content=\"Cookie Richtlinie - CroBIM\" \/>\n<meta property=\"og:description\" content=\"Cookie RichtlinieDas Unternehmen CroBIM d.o.o. respektiert Ihre Privatsph\u00e4re und verwendet auf seinen Webseiten Technologien, die ein besseres und sichereres Browser-Erlebnis erm\u00f6glichen. Die Datenschutzerkl\u00e4rung bezieht sich auf die Erhebung und Verarbeitung Ihrer personenbezogenen Daten und auf die Verwendung von Cookies auf der Webseite www.crobim.com. ERHEBUNG UND VERARBEITUNG PERSONENBEZOGENER DATEN Um die Funktionalit\u00e4t der Webseite zu erhalten [&hellip;]\" \/>\n<meta property=\"og:url\" content=\"https:\/\/crobim.com\/de\/cookie-richtlinie\/\" \/>\n<meta property=\"og:site_name\" content=\"CroBIM\" \/>\n<meta property=\"article:modified_time\" content=\"2022-10-07T15:02:39+00:00\" \/>\n<meta name=\"twitter:card\" content=\"summary_large_image\" \/>\n<meta name=\"twitter:label1\" content=\"Gesch\u00e4tzte Lesezeit\" \/>\n\t<meta name=\"twitter:data1\" content=\"4\u00a0Minuten\" \/>\n<script type=\"application\/ld+json\" class=\"yoast-schema-graph\">{\"@context\":\"https:\/\/schema.org\",\"@graph\":[{\"@type\":\"WebPage\",\"@id\":\"https:\/\/crobim.com\/de\/cookie-richtlinie\/\",\"url\":\"https:\/\/crobim.com\/de\/cookie-richtlinie\/\",\"name\":\"Cookie Richtlinie - CroBIM\",\"isPartOf\":{\"@id\":\"https:\/\/crobim.com\/#website\"},\"datePublished\":\"2022-02-09T10:58:27+00:00\",\"dateModified\":\"2022-10-07T15:02:39+00:00\",\"breadcrumb\":{\"@id\":\"https:\/\/crobim.com\/de\/cookie-richtlinie\/#breadcrumb\"},\"inLanguage\":\"de\",\"potentialAction\":[{\"@type\":\"ReadAction\",\"target\":[\"https:\/\/crobim.com\/de\/cookie-richtlinie\/\"]}]},{\"@type\":\"BreadcrumbList\",\"@id\":\"https:\/\/crobim.com\/de\/cookie-richtlinie\/#breadcrumb\",\"itemListElement\":[{\"@type\":\"ListItem\",\"position\":1,\"name\":\"Home\",\"item\":\"https:\/\/crobim.com\/\"},{\"@type\":\"ListItem\",\"position\":2,\"name\":\"Cookie Richtlinie\"}]},{\"@type\":\"WebSite\",\"@id\":\"https:\/\/crobim.com\/#website\",\"url\":\"https:\/\/crobim.com\/\",\"name\":\"CroBIM\",\"description\":\"Steel  design and detailing services\",\"publisher\":{\"@id\":\"https:\/\/crobim.com\/#organization\"},\"potentialAction\":[{\"@type\":\"SearchAction\",\"target\":{\"@type\":\"EntryPoint\",\"urlTemplate\":\"https:\/\/crobim.com\/?s={search_term_string}\"},\"query-input\":\"required name=search_term_string\"}],\"inLanguage\":\"de\"},{\"@type\":\"Organization\",\"@id\":\"https:\/\/crobim.com\/#organization\",\"name\":\"Steel detailing services\",\"url\":\"https:\/\/crobim.com\/\",\"sameAs\":[],\"logo\":{\"@type\":\"ImageObject\",\"inLanguage\":\"de\",\"@id\":\"https:\/\/crobim.com\/#\/schema\/logo\/image\/\",\"url\":\"https:\/\/crobim.com\/wp-content\/uploads\/2022\/01\/CROBIM_logo_web.png\",\"contentUrl\":\"https:\/\/crobim.com\/wp-content\/uploads\/2022\/01\/CROBIM_logo_web.png\",\"width\":229,\"height\":116,\"caption\":\"Steel detailing services\"},\"image\":{\"@id\":\"https:\/\/crobim.com\/#\/schema\/logo\/image\/\"}}]}<\/script>\n<!-- \/ Yoast SEO plugin. -->","yoast_head_json":{"title":"Cookie Richtlinie - CroBIM","robots":{"index":"index","follow":"follow","max-snippet":"max-snippet:-1","max-image-preview":"max-image-preview:large","max-video-preview":"max-video-preview:-1"},"canonical":"https:\/\/crobim.com\/de\/cookie-richtlinie\/","og_locale":"de_DE","og_type":"article","og_title":"Cookie Richtlinie - CroBIM","og_description":"Cookie RichtlinieDas Unternehmen CroBIM d.o.o. respektiert Ihre Privatsph\u00e4re und verwendet auf seinen Webseiten Technologien, die ein besseres und sichereres Browser-Erlebnis erm\u00f6glichen. Die Datenschutzerkl\u00e4rung bezieht sich auf die Erhebung und Verarbeitung Ihrer personenbezogenen Daten und auf die Verwendung von Cookies auf der Webseite www.crobim.com. ERHEBUNG UND VERARBEITUNG PERSONENBEZOGENER DATEN Um die Funktionalit\u00e4t der Webseite zu erhalten [&hellip;]","og_url":"https:\/\/crobim.com\/de\/cookie-richtlinie\/","og_site_name":"CroBIM","article_modified_time":"2022-10-07T15:02:39+00:00","twitter_card":"summary_large_image","twitter_misc":{"Gesch\u00e4tzte Lesezeit":"4\u00a0Minuten"},"schema":{"@context":"https:\/\/schema.org","@graph":[{"@type":"WebPage","@id":"https:\/\/crobim.com\/de\/cookie-richtlinie\/","url":"https:\/\/crobim.com\/de\/cookie-richtlinie\/","name":"Cookie Richtlinie - CroBIM","isPartOf":{"@id":"https:\/\/crobim.com\/#website"},"datePublished":"2022-02-09T10:58:27+00:00","dateModified":"2022-10-07T15:02:39+00:00","breadcrumb":{"@id":"https:\/\/crobim.com\/de\/cookie-richtlinie\/#breadcrumb"},"inLanguage":"de","potentialAction":[{"@type":"ReadAction","target":["https:\/\/crobim.com\/de\/cookie-richtlinie\/"]}]},{"@type":"BreadcrumbList","@id":"https:\/\/crobim.com\/de\/cookie-richtlinie\/#breadcrumb","itemListElement":[{"@type":"ListItem","position":1,"name":"Home","item":"https:\/\/crobim.com\/"},{"@type":"ListItem","position":2,"name":"Cookie Richtlinie"}]},{"@type":"WebSite","@id":"https:\/\/crobim.com\/#website","url":"https:\/\/crobim.com\/","name":"CroBIM","description":"Steel  design and detailing services","publisher":{"@id":"https:\/\/crobim.com\/#organization"},"potentialAction":[{"@type":"SearchAction","target":{"@type":"EntryPoint","urlTemplate":"https:\/\/crobim.com\/?s={search_term_string}"},"query-input":"required name=search_term_string"}],"inLanguage":"de"},{"@type":"Organization","@id":"https:\/\/crobim.com\/#organization","name":"Steel detailing services","url":"https:\/\/crobim.com\/","sameAs":[],"logo":{"@type":"ImageObject","inLanguage":"de","@id":"https:\/\/crobim.com\/#\/schema\/logo\/image\/","url":"https:\/\/crobim.com\/wp-content\/uploads\/2022\/01\/CROBIM_logo_web.png","contentUrl":"https:\/\/crobim.com\/wp-content\/uploads\/2022\/01\/CROBIM_logo_web.png","width":229,"height":116,"caption":"Steel detailing services"},"image":{"@id":"https:\/\/crobim.com\/#\/schema\/logo\/image\/"}}]}},"_links":{"self":[{"href":"https:\/\/crobim.com\/de\/wp-json\/wp\/v2\/pages\/1151","targetHints":{"allow":["GET"]}}],"collection":[{"href":"https:\/\/crobim.com\/de\/wp-json\/wp\/v2\/pages"}],"about":[{"href":"https:\/\/crobim.com\/de\/wp-json\/wp\/v2\/types\/page"}],"author":[{"embeddable":true,"href":"https:\/\/crobim.com\/de\/wp-json\/wp\/v2\/users\/1"}],"replies":[{"embeddable":true,"href":"https:\/\/crobim.com\/de\/wp-json\/wp\/v2\/comments?post=1151"}],"version-history":[{"count":5,"href":"https:\/\/crobim.com\/de\/wp-json\/wp\/v2\/pages\/1151\/revisions"}],"predecessor-version":[{"id":2307,"href":"https:\/\/crobim.com\/de\/wp-json\/wp\/v2\/pages\/1151\/revisions\/2307"}],"wp:attachment":[{"href":"https:\/\/crobim.com\/de\/wp-json\/wp\/v2\/media?parent=1151"}],"curies":[{"name":"wp","href":"https:\/\/api.w.org\/{rel}","templated":true}]}}