{"id":1070,"date":"2022-02-09T09:36:47","date_gmt":"2022-02-09T08:36:47","guid":{"rendered":"http:\/\/crobim.com\/impressum\/"},"modified":"2022-10-07T17:01:12","modified_gmt":"2022-10-07T15:01:12","slug":"impressum","status":"publish","type":"page","link":"https:\/\/crobim.com\/de\/impressum\/","title":{"rendered":"Impressum"},"content":{"rendered":"<p>[et_pb_section fb_built=&#8220;1&#8243; _builder_version=&#8220;4.14.7&#8243; _module_preset=&#8220;default&#8220; animation_style=&#8220;fade&#8220; animation_duration=&#8220;2000ms&#8220; animation_delay=&#8220;20ms&#8220; global_colors_info=&#8220;{}&#8220; da_is_popup=&#8220;off&#8220; da_exit_intent=&#8220;off&#8220; da_has_close=&#8220;on&#8220; da_alt_close=&#8220;off&#8220; da_dark_close=&#8220;off&#8220; da_not_modal=&#8220;on&#8220; da_is_singular=&#8220;off&#8220; da_with_loader=&#8220;off&#8220; da_has_shadow=&#8220;on&#8220; da_disable_devices=&#8220;off|off|off&#8220;][et_pb_row _builder_version=&#8220;4.14.7&#8243; _module_preset=&#8220;default&#8220; max_width=&#8220;1200px&#8220; global_colors_info=&#8220;{}&#8220;][et_pb_column type=&#8220;4_4&#8243; _builder_version=&#8220;4.14.7&#8243; _module_preset=&#8220;default&#8220; global_colors_info=&#8220;{}&#8220;][et_pb_text admin_label=&#8220;Impressum &#8211; naslov&#8220; _builder_version=&#8220;4.14.7&#8243; _module_preset=&#8220;default&#8220; header_text_align=&#8220;left&#8220; header_line_height=&#8220;1.3em&#8220; header_font_size_tablet=&#8220;&#8220; header_font_size_phone=&#8220;40px&#8220; header_font_size_last_edited=&#8220;on|phone&#8220; global_colors_info=&#8220;{}&#8220;]<\/p>\n<h1>Impressum<\/h1>\n<p>[\/et_pb_text][et_pb_text admin_label=&#8220;Sadr\u017eaj &#8211; tekst&#8220; _builder_version=&#8220;4.14.7&#8243; _module_preset=&#8220;default&#8220; hover_enabled=&#8220;0&#8243; global_colors_info=&#8220;{}&#8220; sticky_enabled=&#8220;0&#8243;]<strong>Crobim d.o.o.<\/strong><\/p>\n<p>Gospodarska zona 15<br \/>\n32000 Vukovar<br \/>\nHrvatska (Kroatien)<\/p>\n<p>Handelsregisternummer: 030225737<br \/>\nUSt-ID-Nr.: HR57917147298<\/p>\n<p>Gesch\u00e4ftsf\u00fchrer: Josip Marti\u0107 M.Eng, IWE\/EWE<\/p>\n<p><strong>Crobim Ltd.<\/strong><\/p>\n<p>Inniscarra, Main Street, Rathcoole<br \/>\nCo. Dublin, Irland, D24E029<\/p>\n<p>Handelsregisternummer: 635382<br \/>\nUSt-ID-Nr.: IE 3570168DH<\/p>\n<p>Gesch\u00e4ftsf\u00fchrer: Antun Tankosic M.Eng, IWE\/EWE<\/p>\n<p>Telefon: +385 (0)91 \/ 6127-073<br \/>\nE-mail: <a href=\"mailto:info@crobim.com\">info@crobim.com<\/a><br \/>\nWEB: <a href=\"http:\/\/www.crobim.com\">www.crobim.com<\/a>[\/et_pb_text][\/et_pb_column][\/et_pb_row][\/et_pb_section]<\/p>\n","protected":false},"excerpt":{"rendered":"<p>ImpressumCrobim d.o.o. Gospodarska zona 15 32000 Vukovar Hrvatska (Kroatien) Handelsregisternummer: 030225737 USt-ID-Nr.: HR57917147298 Gesch\u00e4ftsf\u00fchrer: Josip Marti\u0107 M.Eng, IWE\/EWE Crobim Ltd. Inniscarra, Main Street, Rathcoole Co. Dublin, Irland, D24E029 Handelsregisternummer: 635382 USt-ID-Nr.: IE 3570168DH Gesch\u00e4ftsf\u00fchrer: Antun Tankosic M.Eng, IWE\/EWE Telefon: +385 (0)91 \/ 6127-073 E-mail: info@crobim.com WEB: www.crobim.com<\/p>\n","protected":false},"author":1,"featured_media":0,"parent":0,"menu_order":0,"comment_status":"closed","ping_status":"closed","template":"","meta":{"_et_pb_use_builder":"on","_et_pb_old_content":"","_et_gb_content_width":"","footnotes":""},"class_list":["post-1070","page","type-page","status-publish","hentry"],"yoast_head":"<!-- This site is optimized with the Yoast SEO plugin v19.6 - https:\/\/yoast.com\/wordpress\/plugins\/seo\/ -->\n<title>Impressum - CroBIM<\/title>\n<meta name=\"robots\" content=\"index, follow, max-snippet:-1, max-image-preview:large, max-video-preview:-1\" \/>\n<link rel=\"canonical\" href=\"https:\/\/crobim.com\/de\/impressum\/\" \/>\n<meta property=\"og:locale\" content=\"de_DE\" \/>\n<meta property=\"og:type\" content=\"article\" \/>\n<meta property=\"og:title\" content=\"Impressum - CroBIM\" \/>\n<meta property=\"og:description\" content=\"ImpressumCrobim d.o.o. Gospodarska zona 15 32000 Vukovar Hrvatska (Kroatien) Handelsregisternummer: 030225737 USt-ID-Nr.: HR57917147298 Gesch\u00e4ftsf\u00fchrer: Josip Marti\u0107 M.Eng, IWE\/EWE Crobim Ltd. Inniscarra, Main Street, Rathcoole Co. Dublin, Irland, D24E029 Handelsregisternummer: 635382 USt-ID-Nr.: IE 3570168DH Gesch\u00e4ftsf\u00fchrer: Antun Tankosic M.Eng, IWE\/EWE Telefon: +385 (0)91 \/ 6127-073 E-mail: info@crobim.com WEB: www.crobim.com\" \/>\n<meta property=\"og:url\" content=\"https:\/\/crobim.com\/de\/impressum\/\" \/>\n<meta property=\"og:site_name\" content=\"CroBIM\" \/>\n<meta property=\"article:modified_time\" content=\"2022-10-07T15:01:12+00:00\" \/>\n<meta name=\"twitter:card\" content=\"summary_large_image\" \/>\n<meta name=\"twitter:label1\" content=\"Gesch\u00e4tzte Lesezeit\" \/>\n\t<meta name=\"twitter:data1\" content=\"1\u00a0Minute\" \/>\n<script type=\"application\/ld+json\" class=\"yoast-schema-graph\">{\"@context\":\"https:\/\/schema.org\",\"@graph\":[{\"@type\":\"WebPage\",\"@id\":\"https:\/\/crobim.com\/de\/impressum\/\",\"url\":\"https:\/\/crobim.com\/de\/impressum\/\",\"name\":\"Impressum - CroBIM\",\"isPartOf\":{\"@id\":\"https:\/\/crobim.com\/#website\"},\"datePublished\":\"2022-02-09T08:36:47+00:00\",\"dateModified\":\"2022-10-07T15:01:12+00:00\",\"breadcrumb\":{\"@id\":\"https:\/\/crobim.com\/de\/impressum\/#breadcrumb\"},\"inLanguage\":\"de\",\"potentialAction\":[{\"@type\":\"ReadAction\",\"target\":[\"https:\/\/crobim.com\/de\/impressum\/\"]}]},{\"@type\":\"BreadcrumbList\",\"@id\":\"https:\/\/crobim.com\/de\/impressum\/#breadcrumb\",\"itemListElement\":[{\"@type\":\"ListItem\",\"position\":1,\"name\":\"Home\",\"item\":\"https:\/\/crobim.com\/\"},{\"@type\":\"ListItem\",\"position\":2,\"name\":\"Impressum\"}]},{\"@type\":\"WebSite\",\"@id\":\"https:\/\/crobim.com\/#website\",\"url\":\"https:\/\/crobim.com\/\",\"name\":\"CroBIM\",\"description\":\"Steel  design and detailing services\",\"publisher\":{\"@id\":\"https:\/\/crobim.com\/#organization\"},\"potentialAction\":[{\"@type\":\"SearchAction\",\"target\":{\"@type\":\"EntryPoint\",\"urlTemplate\":\"https:\/\/crobim.com\/?s={search_term_string}\"},\"query-input\":\"required name=search_term_string\"}],\"inLanguage\":\"de\"},{\"@type\":\"Organization\",\"@id\":\"https:\/\/crobim.com\/#organization\",\"name\":\"Steel detailing services\",\"url\":\"https:\/\/crobim.com\/\",\"sameAs\":[],\"logo\":{\"@type\":\"ImageObject\",\"inLanguage\":\"de\",\"@id\":\"https:\/\/crobim.com\/#\/schema\/logo\/image\/\",\"url\":\"https:\/\/crobim.com\/wp-content\/uploads\/2022\/01\/CROBIM_logo_web.png\",\"contentUrl\":\"https:\/\/crobim.com\/wp-content\/uploads\/2022\/01\/CROBIM_logo_web.png\",\"width\":229,\"height\":116,\"caption\":\"Steel detailing services\"},\"image\":{\"@id\":\"https:\/\/crobim.com\/#\/schema\/logo\/image\/\"}}]}<\/script>\n<!-- \/ Yoast SEO plugin. -->","yoast_head_json":{"title":"Impressum - CroBIM","robots":{"index":"index","follow":"follow","max-snippet":"max-snippet:-1","max-image-preview":"max-image-preview:large","max-video-preview":"max-video-preview:-1"},"canonical":"https:\/\/crobim.com\/de\/impressum\/","og_locale":"de_DE","og_type":"article","og_title":"Impressum - CroBIM","og_description":"ImpressumCrobim d.o.o. Gospodarska zona 15 32000 Vukovar Hrvatska (Kroatien) Handelsregisternummer: 030225737 USt-ID-Nr.: HR57917147298 Gesch\u00e4ftsf\u00fchrer: Josip Marti\u0107 M.Eng, IWE\/EWE Crobim Ltd. Inniscarra, Main Street, Rathcoole Co. Dublin, Irland, D24E029 Handelsregisternummer: 635382 USt-ID-Nr.: IE 3570168DH Gesch\u00e4ftsf\u00fchrer: Antun Tankosic M.Eng, IWE\/EWE Telefon: +385 (0)91 \/ 6127-073 E-mail: info@crobim.com WEB: www.crobim.com","og_url":"https:\/\/crobim.com\/de\/impressum\/","og_site_name":"CroBIM","article_modified_time":"2022-10-07T15:01:12+00:00","twitter_card":"summary_large_image","twitter_misc":{"Gesch\u00e4tzte Lesezeit":"1\u00a0Minute"},"schema":{"@context":"https:\/\/schema.org","@graph":[{"@type":"WebPage","@id":"https:\/\/crobim.com\/de\/impressum\/","url":"https:\/\/crobim.com\/de\/impressum\/","name":"Impressum - CroBIM","isPartOf":{"@id":"https:\/\/crobim.com\/#website"},"datePublished":"2022-02-09T08:36:47+00:00","dateModified":"2022-10-07T15:01:12+00:00","breadcrumb":{"@id":"https:\/\/crobim.com\/de\/impressum\/#breadcrumb"},"inLanguage":"de","potentialAction":[{"@type":"ReadAction","target":["https:\/\/crobim.com\/de\/impressum\/"]}]},{"@type":"BreadcrumbList","@id":"https:\/\/crobim.com\/de\/impressum\/#breadcrumb","itemListElement":[{"@type":"ListItem","position":1,"name":"Home","item":"https:\/\/crobim.com\/"},{"@type":"ListItem","position":2,"name":"Impressum"}]},{"@type":"WebSite","@id":"https:\/\/crobim.com\/#website","url":"https:\/\/crobim.com\/","name":"CroBIM","description":"Steel  design and detailing services","publisher":{"@id":"https:\/\/crobim.com\/#organization"},"potentialAction":[{"@type":"SearchAction","target":{"@type":"EntryPoint","urlTemplate":"https:\/\/crobim.com\/?s={search_term_string}"},"query-input":"required name=search_term_string"}],"inLanguage":"de"},{"@type":"Organization","@id":"https:\/\/crobim.com\/#organization","name":"Steel detailing services","url":"https:\/\/crobim.com\/","sameAs":[],"logo":{"@type":"ImageObject","inLanguage":"de","@id":"https:\/\/crobim.com\/#\/schema\/logo\/image\/","url":"https:\/\/crobim.com\/wp-content\/uploads\/2022\/01\/CROBIM_logo_web.png","contentUrl":"https:\/\/crobim.com\/wp-content\/uploads\/2022\/01\/CROBIM_logo_web.png","width":229,"height":116,"caption":"Steel detailing services"},"image":{"@id":"https:\/\/crobim.com\/#\/schema\/logo\/image\/"}}]}},"_links":{"self":[{"href":"https:\/\/crobim.com\/de\/wp-json\/wp\/v2\/pages\/1070","targetHints":{"allow":["GET"]}}],"collection":[{"href":"https:\/\/crobim.com\/de\/wp-json\/wp\/v2\/pages"}],"about":[{"href":"https:\/\/crobim.com\/de\/wp-json\/wp\/v2\/types\/page"}],"author":[{"embeddable":true,"href":"https:\/\/crobim.com\/de\/wp-json\/wp\/v2\/users\/1"}],"replies":[{"embeddable":true,"href":"https:\/\/crobim.com\/de\/wp-json\/wp\/v2\/comments?post=1070"}],"version-history":[{"count":12,"href":"https:\/\/crobim.com\/de\/wp-json\/wp\/v2\/pages\/1070\/revisions"}],"predecessor-version":[{"id":2304,"href":"https:\/\/crobim.com\/de\/wp-json\/wp\/v2\/pages\/1070\/revisions\/2304"}],"wp:attachment":[{"href":"https:\/\/crobim.com\/de\/wp-json\/wp\/v2\/media?parent=1070"}],"curies":[{"name":"wp","href":"https:\/\/api.w.org\/{rel}","templated":true}]}}